{"id":151,"date":"2023-04-17T11:06:24","date_gmt":"2023-04-17T11:06:24","guid":{"rendered":"https:\/\/demo.themeinwp.net\/kiddies\/?page_id=151"},"modified":"2024-05-16T09:29:32","modified_gmt":"2024-05-16T06:29:32","slug":"hakkimizda","status":"publish","type":"page","link":"https:\/\/mavigunesanaokulu.com\/index.php\/hakkimizda\/","title":{"rendered":"Hakk\u0131m\u0131zda"},"content":{"rendered":"\n<p><\/p>\n\n\n\n<div class=\"wp-block-columns alignwide is-layout-flex wp-container-core-columns-is-layout-edda2a69 wp-block-columns-is-layout-flex\" style=\"padding-top:50px\">\n<div class=\"wp-block-column is-vertically-aligned-top is-layout-flow wp-block-column-is-layout-flow\">\n<figure class=\"wp-block-image size-large\" style=\"margin-top:0px;margin-right:0px;margin-bottom:0px;margin-left:0px\"><img loading=\"lazy\" decoding=\"async\" width=\"1024\" height=\"683\" src=\"https:\/\/mavigunesanaokulu.com\/wp-content\/uploads\/2024\/04\/slayt1-1024x683.jpg\" alt=\"\" class=\"wp-image-57\" srcset=\"https:\/\/mavigunesanaokulu.com\/wp-content\/uploads\/2024\/04\/slayt1-1024x683.jpg 1024w, https:\/\/mavigunesanaokulu.com\/wp-content\/uploads\/2024\/04\/slayt1-300x200.jpg 300w, https:\/\/mavigunesanaokulu.com\/wp-content\/uploads\/2024\/04\/slayt1-768x512.jpg 768w, https:\/\/mavigunesanaokulu.com\/wp-content\/uploads\/2024\/04\/slayt1-1536x1024.jpg 1536w, https:\/\/mavigunesanaokulu.com\/wp-content\/uploads\/2024\/04\/slayt1.jpg 1920w\" sizes=\"auto, (max-width: 1024px) 100vw, 1024px\" \/><\/figure>\n<\/div>\n\n\n\n<div class=\"wp-block-column is-vertically-aligned-center is-layout-flow wp-block-column-is-layout-flow\">\n<h2 class=\"wp-block-heading has-text-align-center has-black-color has-text-color\" style=\"font-size:16px\">Biz kimiz<\/h2>\n\n\n\n<hr class=\"wp-block-separator has-text-color has-black-color has-alpha-channel-opacity has-black-background-color has-background is-style-default\"\/>\n\n\n\n<p>\u00d6zel Mavi G\u00fcne\u015f Anaokulu 2022 y\u0131l\u0131nda a\u00e7\u0131lm\u0131\u015f, Milli E\u011fitim Bakanl\u0131\u011f\u0131na Ba\u011fl\u0131 \u00f6zel e\u011fitim kurumdur. Kurumumuz iki katl\u0131 olup; 1 m\u00fcd\u00fcr odas\u0131, 2 derslik, 1 oyun odas\u0131, 1 uyku odas\u0131, mutfak , 4 tuvalet ve bah\u00e7e bulunmaktad\u0131r.<\/p>\n<\/div>\n<\/div>\n\n\n\n<div class=\"wp-block-group alignfull has-white-color has-text-color has-background\" style=\"background:linear-gradient(90deg,rgb(255,33,71) 0%,rgb(255,33,71) 35%,rgb(28,74,97) 35%);padding-top:100px;padding-right:30px;padding-bottom:100px;padding-left:30px\"><div class=\"wp-block-group__inner-container is-layout-constrained wp-container-core-group-is-layout-edfe3634 wp-block-group-is-layout-constrained\">\n<div class=\"wp-block-columns is-layout-flex wp-container-core-columns-is-layout-1e87b4f4 wp-block-columns-is-layout-flex\" style=\"margin-top:0px;margin-bottom:0px;padding-top:0px;padding-right:0px;padding-bottom:0px;padding-left:0px\">\n<div class=\"wp-block-column is-vertically-aligned-center is-layout-flow wp-block-column-is-layout-flow\"><div class=\"wp-block-image\">\n<figure class=\"alignleft size-large is-resized\"><img decoding=\"async\" src=\"https:\/\/demo.themeinwp.net\/kiddies\/wp-content\/uploads\/sites\/16\/2023\/04\/StockSnap_NY963ZH6T2-1024x683.jpg\" alt=\"\" class=\"wp-image-150\" style=\"width:559px;height:auto\"\/><\/figure>\n<\/div>\n\n\n<p>Mavi g\u00fcne\u015fte \u00e7ocuklar\u0131m\u0131z; olumlu ve olumsuz duygu ve d\u00fc\u015f\u00fcncelerini \u00e7ekinmeden, rahatl\u0131kla ifade edebilen, soran ve sorgulayan, merak duygusu geli\u015fmi\u015f, payla\u015f\u0131mc\u0131, \u00f6z g\u00fcvenli fark\u0131ndal\u0131k alg\u0131s\u0131 geli\u015fmi\u015f, sorumluluk sahibi, ba\u015fkalar\u0131n\u0131n haklar\u0131na sayg\u0131 g\u00f6sterirken ayn\u0131 zamanda kendi haklar\u0131n\u0131 koruyan, \u00e7evreye duyarl\u0131, do\u011fay\u0131 koruyan ve manevi de\u011ferleri \u00f6nemsemek \u00fczerine kaliteli bir e\u011fitim al\u0131rlar. \u00d6zel Mavi G\u00fcne\u015f Anaokulunda sabah sporu ile g\u00fcne ba\u015flayan \u00e7ocuklar\u0131m\u0131z\u0131n y\u00fczlerindeki tebess\u00fcm seslerindeki kahkaha g\u00fcn boyu bizleri motive ediyor.<br>\u00c7ar\u015famba g\u00fcnleri s\u00fcrpriz g\u00fcn\u00fc ve cuma g\u00fcnleri oyuncak g\u00fcn\u00fcm\u00fczd\u00fcr. Tam g\u00fcn \u00f6\u011frencilerimiz sabah kahvalt\u0131s\u0131 &#8211; \u00f6\u011flen yeme\u011fi ve ikindi aperatifi, yar\u0131m g\u00fcn \u00f6\u011frencilerimize ikindi aperatifi ikram etmekteyiz. haftal\u0131k ders program\u0131m\u0131z\u0131 ve ayl\u0131k yemek listemizi okulumuz \u00d6zel Mavi G\u00fcne\u015f Anaokulu web sitemizde ve siz k\u0131ymetli velilerimizle payla\u015fmaktay\u0131z.<\/p>\n\n\n\n<p>Kurum kare kodumuzdan bilgilerimizi g\u00f6rebilirsiniz<\/p>\n<\/div>\n<\/div>\n\n\n\n<p><\/p>\n<\/div><\/div>\n\n\n\n<div class=\"wp-block-group alignfull has-black-color has-white-background-color has-text-color has-background\" style=\"padding-top:60px;padding-right:60px;padding-bottom:60px;padding-left:60px\"><div class=\"wp-block-group__inner-container is-layout-flow wp-block-group-is-layout-flow\">\n<div class=\"wp-block-columns alignwide are-vertically-aligned-center is-layout-flex wp-container-core-columns-is-layout-edda2a69 wp-block-columns-is-layout-flex\" style=\"padding-top:50px\">\n<div class=\"wp-block-column is-vertically-aligned-center is-layout-flow wp-block-column-is-layout-flow\"><\/div>\n\n\n\n<div class=\"wp-block-column is-vertically-aligned-center is-layout-flow wp-block-column-is-layout-flow\"><\/div>\n\n\n\n<div class=\"wp-block-column is-vertically-aligned-center is-layout-flow wp-block-column-is-layout-flow\"><\/div>\n<\/div>\n\n\n\n<div class=\"wp-block-columns alignwide are-vertically-aligned-center is-layout-flex wp-container-core-columns-is-layout-edda2a69 wp-block-columns-is-layout-flex\" style=\"padding-top:50px\">\n<div class=\"wp-block-column is-vertically-aligned-center is-layout-flow wp-block-column-is-layout-flow\">\n<div class=\"wp-block-media-text has-media-on-the-right is-stacked-on-mobile is-vertically-aligned-center has-background\" style=\"background-color:#f1f5c7;grid-template-columns:auto 31%\"><div class=\"wp-block-media-text__content\">\n<div class=\"wp-block-group\" style=\"padding-top:2em;padding-right:2em;padding-bottom:2em;padding-left:2em\"><div class=\"wp-block-group__inner-container is-layout-flow wp-block-group-is-layout-flow\">\n<p class=\"has-text-align-center\" style=\"font-size:36px;line-height:1.2\"><strong>Misyonumuz<\/strong><\/p>\n\n\n\n<p class=\"has-text-align-center has-extra-small-font-size\">Mavi g\u00fcne\u015fte \u00e7ocuklar\u0131m\u0131z; olumlu ve olumsuz duygu ve d\u00fc\u015f\u00fcncelerini \u00e7ekinmeden, rahatl\u0131kla ifade edebilen, soran ve sorgulayan, merak duygusu geli\u015fmi\u015f, payla\u015f\u0131mc\u0131, \u00f6zg\u00fcvenli fark\u0131ndal\u0131k alg\u0131s\u0131 geli\u015fmi\u015f, sorumluluk sahibi, ba\u015fkalar\u0131n\u0131n haklar\u0131na sayg\u0131 g\u00f6sterirken ayn\u0131 zamanda kendi haklar\u0131n\u0131 koruyan, \u00e7evreye duyarl\u0131, do\u011fay\u0131 koruyan ve manevi de\u011ferleri \u00f6nemsemek \u00fczerine kaliteli bir e\u011fitim al\u0131rlar<\/p>\n<\/div><\/div>\n<\/div><figure class=\"wp-block-media-text__media\"><img loading=\"lazy\" decoding=\"async\" width=\"142\" height=\"186\" src=\"https:\/\/mavigunesanaokulu.com\/wp-content\/uploads\/2024\/04\/misyon.jpg\" alt=\"\" class=\"wp-image-526 size-full\"\/><\/figure><\/div>\n\n\n\n<div class=\"wp-block-media-text alignwide is-stacked-on-mobile is-vertically-aligned-center has-background\" style=\"background-color:#fffdea;grid-template-columns:27% auto\"><figure class=\"wp-block-media-text__media\"><img loading=\"lazy\" decoding=\"async\" width=\"235\" height=\"400\" src=\"https:\/\/mavigunesanaokulu.com\/wp-content\/uploads\/2024\/04\/vizyon.jpg\" alt=\"\" class=\"wp-image-527 size-full\" srcset=\"https:\/\/mavigunesanaokulu.com\/wp-content\/uploads\/2024\/04\/vizyon.jpg 235w, https:\/\/mavigunesanaokulu.com\/wp-content\/uploads\/2024\/04\/vizyon-176x300.jpg 176w\" sizes=\"auto, (max-width: 235px) 100vw, 235px\" \/><\/figure><div class=\"wp-block-media-text__content\">\n<div class=\"wp-block-group\" style=\"padding-top:2em;padding-right:2em;padding-bottom:2em;padding-left:2em\"><div class=\"wp-block-group__inner-container is-layout-flow wp-block-group-is-layout-flow\">\n<p class=\"has-text-align-center\" style=\"font-size:36px;line-height:1.2\"><strong>Vizyonumuz<\/strong><\/p>\n\n\n\n<p class=\"has-text-align-center has-extra-small-font-size\">Okul \u00f6ncesi e\u011fitim alan\u0131n\u0131n&nbsp; hedef ve ama\u00e7lar\u0131 do\u011frultusunda okul \u00f6ncesi d\u00f6nem \u00e7ocuklar\u0131n\u0131n geli\u015fim d\u00fczeyleri, \u00f6\u011frenme h\u0131zlar\u0131, ilgi alanlar\u0131 ve ihtiya\u00e7lar\u0131 dikkate al\u0131narak ve aileler ile i\u015fbirli\u011fi i\u00e7erisinde ya\u015fam boyu \u00f6\u011frenmeyi destekleyecek \u015fekilde e\u011fitim ortam\u0131 olu\u015fturarak yarat\u0131c\u0131 ve estetik duygulara sahip, kendini ifade edebilen, \u00e7evreye duyarl\u0131, ara\u015ft\u0131ran, \u00f6zg\u00fcveni y\u00fcksek bireyler yeti\u015ftirmektir. Ayr\u0131ca, geli\u015fen-de\u011fi\u015fen d\u00fcnyaya ayak uyduran, gelece\u011fe g\u00fcvenle bakan, yeniliklere a\u00e7\u0131k olan, \u00f6z k\u00fclt\u00fcr\u00fcn\u00fc tan\u0131yan, koruyan ve tercih edilen bir kurum olmakt\u0131r.<\/p>\n<\/div><\/div>\n<\/div><\/div>\n<\/div>\n<\/div>\n<\/div><\/div>\n\n\n<div class=\"wp-block-image\">\n<figure class=\"aligncenter size-full\"><img loading=\"lazy\" decoding=\"async\" width=\"331\" height=\"331\" src=\"https:\/\/mavigunesanaokulu.com\/wp-content\/uploads\/2024\/05\/karekod.jpeg\" alt=\"\" class=\"wp-image-604\" srcset=\"https:\/\/mavigunesanaokulu.com\/wp-content\/uploads\/2024\/05\/karekod.jpeg 331w, https:\/\/mavigunesanaokulu.com\/wp-content\/uploads\/2024\/05\/karekod-300x300.jpeg 300w, https:\/\/mavigunesanaokulu.com\/wp-content\/uploads\/2024\/05\/karekod-150x150.jpeg 150w\" sizes=\"auto, (max-width: 331px) 100vw, 331px\" \/><\/figure>\n<\/div>","protected":false},"excerpt":{"rendered":"<p>Biz kimiz \u00d6zel Mavi G\u00fcne\u015f Anaokulu 2022 y\u0131l\u0131nda a\u00e7\u0131lm\u0131\u015f, Milli E\u011fitim Bakanl\u0131\u011f\u0131na Ba\u011fl\u0131 \u00f6zel e\u011fitim kurumdur. Kurumumuz iki katl\u0131 olup; 1 m\u00fcd\u00fcr odas\u0131, 2 derslik, [&hellip;]<\/p>\n","protected":false},"author":1,"featured_media":0,"parent":0,"menu_order":0,"comment_status":"closed","ping_status":"closed","template":"template-parts\/full-width-page-template.php","meta":{"footnotes":""},"class_list":["post-151","page","type-page","status-publish","hentry"],"_links":{"self":[{"href":"https:\/\/mavigunesanaokulu.com\/index.php\/wp-json\/wp\/v2\/pages\/151","targetHints":{"allow":["GET"]}}],"collection":[{"href":"https:\/\/mavigunesanaokulu.com\/index.php\/wp-json\/wp\/v2\/pages"}],"about":[{"href":"https:\/\/mavigunesanaokulu.com\/index.php\/wp-json\/wp\/v2\/types\/page"}],"author":[{"embeddable":true,"href":"https:\/\/mavigunesanaokulu.com\/index.php\/wp-json\/wp\/v2\/users\/1"}],"replies":[{"embeddable":true,"href":"https:\/\/mavigunesanaokulu.com\/index.php\/wp-json\/wp\/v2\/comments?post=151"}],"version-history":[{"count":8,"href":"https:\/\/mavigunesanaokulu.com\/index.php\/wp-json\/wp\/v2\/pages\/151\/revisions"}],"predecessor-version":[{"id":605,"href":"https:\/\/mavigunesanaokulu.com\/index.php\/wp-json\/wp\/v2\/pages\/151\/revisions\/605"}],"wp:attachment":[{"href":"https:\/\/mavigunesanaokulu.com\/index.php\/wp-json\/wp\/v2\/media?parent=151"}],"curies":[{"name":"wp","href":"https:\/\/api.w.org\/{rel}","templated":true}]}}