{"id":245,"date":"2023-04-18T05:25:53","date_gmt":"2023-04-18T05:25:53","guid":{"rendered":"https:\/\/demo.themeinwp.net\/kiddies\/?page_id=245"},"modified":"2025-12-18T10:34:02","modified_gmt":"2025-12-18T07:34:02","slug":"kadromuz","status":"publish","type":"page","link":"https:\/\/mavigunesanaokulu.com\/index.php\/kadromuz\/","title":{"rendered":"Kadromuz"},"content":{"rendered":"\n<p><\/p>\n\n\n\n<div class=\"wp-block-group alignfull has-background\" style=\"background:linear-gradient(180deg,rgb(10,18,58) 63%,rgba(252,252,252,0.14) 63%);padding-top:100px;padding-right:20px;padding-bottom:100px;padding-left:20px\"><div class=\"wp-block-group__inner-container is-layout-flow wp-block-group-is-layout-flow\">\n<div class=\"wp-block-columns is-layout-flex wp-container-core-columns-is-layout-9d6595d7 wp-block-columns-is-layout-flex\">\n<div class=\"wp-block-column is-layout-flow wp-block-column-is-layout-flow\">\n<h3 class=\"wp-block-heading has-text-align-center has-white-color has-text-color\" style=\"margin-bottom:40px;font-size:40px;font-style:normal;font-weight:300;text-transform:capitalize\">E\u011e\u0130T\u0130M KADROMUZ<\/h3>\n\n\n\n<h3 class=\"wp-block-heading has-text-align-center has-text-color\" style=\"color:#506dff;margin-bottom:40px;font-size:26px;font-style:normal;font-weight:600;text-transform:capitalize\"><\/h3>\n<\/div>\n<\/div>\n\n\n\n<div class=\"wp-block-columns alignwide is-layout-flex wp-container-core-columns-is-layout-edda2a69 wp-block-columns-is-layout-flex\" style=\"padding-top:50px\">\n<div class=\"wp-block-column is-vertically-aligned-top has-background is-layout-flow wp-block-column-is-layout-flow\" style=\"background:linear-gradient(315deg,rgba(105,25,25,0) 6%,rgb(80,109,255) 6%,rgb(80,109,255) 96%,rgba(255,255,255,0) 96%);padding-top:35px;padding-right:35px;padding-bottom:35px;padding-left:35px\"><div class=\"wp-block-image is-style-rounded\">\n<figure class=\"aligncenter size-thumbnail\"><img loading=\"lazy\" decoding=\"async\" width=\"133\" height=\"150\" src=\"https:\/\/mavigunesanaokulu.com\/wp-content\/uploads\/2025\/03\/elzem-133x150.jpeg\" alt=\"\" class=\"wp-image-741\"\/><\/figure>\n<\/div>\n\n\n<h3 class=\"wp-block-heading has-text-align-center has-white-color has-text-color\" style=\"margin-top:40px;font-size:30px;font-style:normal;font-weight:700;line-height:0.1;text-transform:capitalize\">Elzem KARAG\u00d6Z<\/h3>\n\n\n\n<h4 class=\"wp-block-heading has-text-align-center\">OKUL M\u00dcD\u00dcR\u00dc<\/h4>\n\n\n\n<p class=\"has-text-align-center has-text-color\" style=\"color:#e8e8e8;font-size:15px;font-style:normal;font-weight:300\"><\/p>\n<\/div>\n\n\n\n<div class=\"wp-block-column is-vertically-aligned-top has-background is-layout-flow wp-block-column-is-layout-flow\" style=\"background:linear-gradient(315deg,rgba(105,25,25,0) 6%,rgb(80,109,255) 6%,rgb(80,109,255) 96%,rgba(255,255,255,0) 96%);padding-top:35px;padding-right:35px;padding-bottom:35px;padding-left:35px\"><div class=\"wp-block-image is-style-rounded\">\n<figure class=\"aligncenter size-thumbnail\"><img loading=\"lazy\" decoding=\"async\" width=\"150\" height=\"150\" src=\"https:\/\/mavigunesanaokulu.com\/wp-content\/uploads\/2025\/03\/irem-karas-150x150.jpg\" alt=\"\" class=\"wp-image-740\"\/><\/figure>\n<\/div>\n\n\n<h3 class=\"wp-block-heading has-text-align-center has-white-color has-text-color\" style=\"margin-top:40px;font-size:30px;font-style:normal;font-weight:700;line-height:0.1;text-transform:capitalize\">\u0130rem KARA\u015e<\/h3>\n\n\n\n<h4 class=\"wp-block-heading has-text-align-center\">UZMAN \u00d6\u011eRET\u0130C\u0130<\/h4>\n\n\n\n<p class=\"has-text-align-center has-text-color\" style=\"color:#e8e8e8;font-size:15px;font-style:normal;font-weight:300\"><\/p>\n<\/div>\n\n\n\n<div class=\"wp-block-column is-vertically-aligned-top has-background is-layout-flow wp-block-column-is-layout-flow\" style=\"background:linear-gradient(315deg,rgba(105,25,25,0) 6%,rgb(80,109,255) 6%,rgb(80,109,255) 96%,rgba(255,255,255,0) 96%);padding-top:35px;padding-right:35px;padding-bottom:35px;padding-left:35px\"><div class=\"wp-block-image is-style-rounded\">\n<figure class=\"aligncenter size-thumbnail\"><img loading=\"lazy\" decoding=\"async\" width=\"150\" height=\"150\" src=\"https:\/\/mavigunesanaokulu.com\/wp-content\/uploads\/2025\/10\/elif_aslan-150x150.jpg\" alt=\"\" class=\"wp-image-818\"\/><\/figure>\n<\/div>\n\n\n<h3 class=\"wp-block-heading has-text-align-center has-white-color has-text-color\" style=\"margin-top:40px;font-size:30px;font-style:normal;font-weight:700;line-height:0.1;text-transform:capitalize\">Elif ASLAN<\/h3>\n\n\n\n<h4 class=\"wp-block-heading has-text-align-center\">UZMAN \u00d6\u011eRET\u0130C\u0130<\/h4>\n\n\n\n<p class=\"has-text-align-center has-text-color\" style=\"color:#e8e8e8;font-size:15px;font-style:normal;font-weight:300\"><\/p>\n<\/div>\n<\/div>\n<\/div><\/div>\n\n\n\n<div class=\"wp-block-group alignfull\" style=\"padding-right:0;padding-bottom:0;padding-left:0\"><div class=\"wp-block-group__inner-container is-layout-constrained wp-container-core-group-is-layout-a3f988d4 wp-block-group-is-layout-constrained\">\n<div class=\"wp-block-group alignfull has-background\" style=\"background:linear-gradient(342deg,rgb(255,255,255) 23%,rgba(163,255,217,0.71) 40%,rgb(255,255,255) 57%,rgb(202,249,255) 96%);padding-top:var(--wp--preset--spacing--60);padding-right:var(--wp--preset--spacing--60);padding-bottom:var(--wp--preset--spacing--60);padding-left:var(--wp--preset--spacing--60)\"><div class=\"wp-block-group__inner-container is-layout-constrained wp-container-core-group-is-layout-c82c402f wp-block-group-is-layout-constrained\">\n<div class=\"wp-block-columns are-vertically-aligned-center is-layout-flex wp-container-core-columns-is-layout-270de94a wp-block-columns-is-layout-flex\" style=\"margin-top:0;margin-bottom:0;padding-top:0;padding-right:0;padding-bottom:0;padding-left:0\">\n<div class=\"wp-block-column is-layout-flow wp-block-column-is-layout-flow\">\n<div class=\"wp-block-media-text is-stacked-on-mobile is-vertically-aligned-center\" style=\"grid-template-columns:35% auto\"><figure class=\"wp-block-media-text__media\"><img loading=\"lazy\" decoding=\"async\" width=\"216\" height=\"224\" src=\"https:\/\/mavigunesanaokulu.com\/wp-content\/uploads\/2025\/03\/beyza.jpg\" alt=\"\" class=\"wp-image-742 size-full\"\/><\/figure><div class=\"wp-block-media-text__content\">\n<h3 class=\"wp-block-heading\">PSK.DAN.BEYZA BODUR DEM\u0130R<\/h3>\n<\/div><\/div>\n<\/div>\n\n\n\n<div class=\"wp-block-column is-layout-flow wp-block-column-is-layout-flow\">\n<div class=\"wp-block-media-text is-stacked-on-mobile\" style=\"grid-template-columns:33% auto\"><figure class=\"wp-block-media-text__media\"><img loading=\"lazy\" decoding=\"async\" width=\"124\" height=\"141\" src=\"https:\/\/mavigunesanaokulu.com\/wp-content\/uploads\/2025\/03\/SENA.jpg\" alt=\"\" class=\"wp-image-743 size-full\"\/><\/figure><div class=\"wp-block-media-text__content\">\n<h3 class=\"wp-block-heading\">TEACHER SENA Z\u00dcLAL ERENC\u0130<\/h3>\n<\/div><\/div>\n<\/div>\n<\/div>\n<\/div><\/div>\n<\/div><\/div>\n\n\n\n<div class=\"wp-block-group alignfull\" style=\"margin-top:0px;margin-bottom:0px;padding-top:0px;padding-right:0px;padding-bottom:40px;padding-left:0px\"><div class=\"wp-block-group__inner-container is-layout-constrained wp-container-core-group-is-layout-1240ea0c wp-block-group-is-layout-constrained\">\n<div class=\"wp-block-columns alignwide is-layout-flex wp-container-core-columns-is-layout-1e87b4f4 wp-block-columns-is-layout-flex\" style=\"margin-top:0px;margin-bottom:0px;padding-top:0px;padding-right:0px;padding-bottom:0px;padding-left:0px\">\n<div class=\"wp-block-column is-vertically-aligned-center is-layout-flow wp-block-column-is-layout-flow\"><div class=\"wp-block-image size-large\">\n<figure class=\"alignleft\"><img decoding=\"async\" src=\"https:\/\/demo.themeinwp.net\/kiddies\/wp-content\/uploads\/sites\/16\/2023\/04\/pngwing.com_-1024x598.png\" alt=\"\" class=\"wp-image-139\"\/><\/figure>\n<\/div><\/div>\n\n\n\n<div class=\"wp-block-column is-vertically-aligned-center is-layout-flow wp-block-column-is-layout-flow\">\n<div class=\"wp-block-columns is-layout-flex wp-container-core-columns-is-layout-ba978642 wp-block-columns-is-layout-flex\" style=\"margin-top:0px;margin-bottom:0px;padding-top:0px;padding-right:0px;padding-bottom:25px;padding-left:0px\">\n<div class=\"wp-block-column is-vertically-aligned-center is-layout-flow wp-block-column-is-layout-flow\" style=\"flex-basis:22%\">\n<figure class=\"wp-block-image size-full\"><img loading=\"lazy\" decoding=\"async\" width=\"404\" height=\"388\" src=\"https:\/\/mavigunesanaokulu.com\/wp-content\/uploads\/2025\/03\/ebru.jpeg\" alt=\"\" class=\"wp-image-744\" srcset=\"https:\/\/mavigunesanaokulu.com\/wp-content\/uploads\/2025\/03\/ebru.jpeg 404w, https:\/\/mavigunesanaokulu.com\/wp-content\/uploads\/2025\/03\/ebru-300x288.jpeg 300w\" sizes=\"auto, (max-width: 404px) 100vw, 404px\" \/><\/figure>\n<\/div>\n\n\n\n<div class=\"wp-block-column is-vertically-aligned-center is-layout-flow wp-block-column-is-layout-flow\">\n<h4 class=\"wp-block-heading has-black-color has-text-color has-normal-font-size\" style=\"margin-top:0px;margin-right:0px;margin-bottom:0px;margin-left:0px;padding-top:0px;padding-right:0px;padding-bottom:0px;padding-left:0px;font-style:normal;font-weight:700;line-height:1.2;text-transform:uppercase\">ebru kar<\/h4>\n\n\n\n<p class=\"has-black-color has-text-color has-small-font-size\" style=\"margin-top:15px;margin-right:0px;margin-bottom:0px;margin-left:0px;padding-top:0px;padding-right:0px;padding-bottom:0px;padding-left:0px\">H\u0130ZMETL\u0130 PERSONEL<\/p>\n<\/div>\n<\/div>\n<\/div>\n<\/div>\n<\/div><\/div>\n\n\n\n<p><\/p>\n","protected":false},"excerpt":{"rendered":"<p>E\u011e\u0130T\u0130M KADROMUZ Elzem KARAG\u00d6Z OKUL M\u00dcD\u00dcR\u00dc \u0130rem KARA\u015e UZMAN \u00d6\u011eRET\u0130C\u0130 Elif ASLAN UZMAN \u00d6\u011eRET\u0130C\u0130 PSK.DAN.BEYZA BODUR DEM\u0130R TEACHER SENA Z\u00dcLAL ERENC\u0130 ebru kar H\u0130ZMETL\u0130 PERSONEL<\/p>\n","protected":false},"author":1,"featured_media":0,"parent":0,"menu_order":0,"comment_status":"closed","ping_status":"closed","template":"","meta":{"footnotes":""},"class_list":["post-245","page","type-page","status-publish","hentry"],"_links":{"self":[{"href":"https:\/\/mavigunesanaokulu.com\/index.php\/wp-json\/wp\/v2\/pages\/245","targetHints":{"allow":["GET"]}}],"collection":[{"href":"https:\/\/mavigunesanaokulu.com\/index.php\/wp-json\/wp\/v2\/pages"}],"about":[{"href":"https:\/\/mavigunesanaokulu.com\/index.php\/wp-json\/wp\/v2\/types\/page"}],"author":[{"embeddable":true,"href":"https:\/\/mavigunesanaokulu.com\/index.php\/wp-json\/wp\/v2\/users\/1"}],"replies":[{"embeddable":true,"href":"https:\/\/mavigunesanaokulu.com\/index.php\/wp-json\/wp\/v2\/comments?post=245"}],"version-history":[{"count":4,"href":"https:\/\/mavigunesanaokulu.com\/index.php\/wp-json\/wp\/v2\/pages\/245\/revisions"}],"predecessor-version":[{"id":838,"href":"https:\/\/mavigunesanaokulu.com\/index.php\/wp-json\/wp\/v2\/pages\/245\/revisions\/838"}],"wp:attachment":[{"href":"https:\/\/mavigunesanaokulu.com\/index.php\/wp-json\/wp\/v2\/media?parent=245"}],"curies":[{"name":"wp","href":"https:\/\/api.w.org\/{rel}","templated":true}]}}