{"id":466,"date":"2023-04-12T04:20:56","date_gmt":"2023-04-12T04:20:56","guid":{"rendered":"https:\/\/demo.themeinwp.net\/kiddies\/?page_id=2"},"modified":"2025-06-22T20:45:23","modified_gmt":"2025-06-22T17:45:23","slug":"yaz_okulu","status":"publish","type":"page","link":"https:\/\/mavigunesanaokulu.com\/index.php\/yaz_okulu\/","title":{"rendered":"Yaz Okulu Ba\u015fl\u0131yor"},"content":{"rendered":"\n<p>K\u0131ymetli velilerimiz;<\/p>\n\n\n\n<blockquote class=\"wp-block-quote is-layout-flow wp-block-quote-is-layout-flow\">\n<p>23 Haziran 2025- 22 A\u011fustos 2025 tarihleri aras\u0131nda ( 9 Haftal\u0131k) yaz okulu planl\u0131yoruz. \u00d6n kay\u0131t i\u00e7in bizimle ileti\u015fime ge\u00e7ebilirsiniz.<\/p>\n<\/blockquote>\n\n\n\n<p>3- 9 ya\u015f aral\u0131\u011f\u0131nda \u00f6\u011frenci kabul ediyoruz.<\/p>\n\n\n\n<p> 3 haftal\u0131k e\u011fitimler \u015feklinde  yapaca\u011f\u0131m\u0131z yaz okulumuz; <\/p>\n\n\n\n<p>1. Grup *23 Haziran &#8211; 11 Temmuz 2025*<\/p>\n\n\n\n<p>2. Grup *14 Temmuz &#8211; 1 A\u011fustos 2025*<\/p>\n\n\n\n<p>3. Grup *4 A\u011fustos &#8211; 22 A\u011fustos 2025* Tarihleri aras\u0131nda olacakt\u0131r.<\/p>\n\n\n\n<p> Saat: 08.00- 18.00 (tam )  <\/p>\n\n\n\n<p>Saat: 11.00- 16.00  (yar\u0131m)<\/p>\n\n\n\n<p><\/p>\n\n\n\n<p>Y\u00fczme, Binicilik , Jimnastik, Yabanc\u0131 dil, Masal Saati, Ekolojik Etkinlikler, Sanat Etkinlikleri, De\u011ferler E\u011fitimi, Kodlama, Matematik &amp; Fen ve Sosyal etkinlikler, Mutfak At\u00f6lyesi, M\u00fczik &amp; Ritim&#8230; Vb\u0130ster tek , ister t\u00fcm gruplara kay\u0131t olu\u015fturabilirsiniz.<\/p>\n\n\n\n<figure class=\"wp-block-gallery has-nested-images columns-default is-cropped wp-block-gallery-1 is-layout-flex wp-block-gallery-is-layout-flex\">\n<figure class=\"wp-block-image size-large\"><img loading=\"lazy\" decoding=\"async\" width=\"819\" height=\"1024\" data-id=\"37\" src=\"https:\/\/mavigunesanaokulu.com\/wp-content\/uploads\/2024\/04\/11-819x1024.jpg\" alt=\"\" class=\"wp-image-37\" srcset=\"https:\/\/mavigunesanaokulu.com\/wp-content\/uploads\/2024\/04\/11-819x1024.jpg 819w, https:\/\/mavigunesanaokulu.com\/wp-content\/uploads\/2024\/04\/11-240x300.jpg 240w, https:\/\/mavigunesanaokulu.com\/wp-content\/uploads\/2024\/04\/11-768x961.jpg 768w, https:\/\/mavigunesanaokulu.com\/wp-content\/uploads\/2024\/04\/11.jpg 1080w\" sizes=\"auto, (max-width: 819px) 100vw, 819px\" \/><\/figure>\n\n\n\n<figure class=\"wp-block-image size-large\"><img loading=\"lazy\" decoding=\"async\" width=\"819\" height=\"1024\" data-id=\"38\" src=\"https:\/\/mavigunesanaokulu.com\/wp-content\/uploads\/2024\/04\/8-819x1024.jpg\" alt=\"\" class=\"wp-image-38\" srcset=\"https:\/\/mavigunesanaokulu.com\/wp-content\/uploads\/2024\/04\/8-819x1024.jpg 819w, https:\/\/mavigunesanaokulu.com\/wp-content\/uploads\/2024\/04\/8-240x300.jpg 240w, https:\/\/mavigunesanaokulu.com\/wp-content\/uploads\/2024\/04\/8-768x960.jpg 768w, https:\/\/mavigunesanaokulu.com\/wp-content\/uploads\/2024\/04\/8.jpg 1080w\" sizes=\"auto, (max-width: 819px) 100vw, 819px\" \/><\/figure>\n\n\n\n<figure class=\"wp-block-image size-large\"><img loading=\"lazy\" decoding=\"async\" width=\"1024\" height=\"768\" data-id=\"33\" src=\"https:\/\/mavigunesanaokulu.com\/wp-content\/uploads\/2024\/04\/IMG-20240329-WA0165-1024x768.jpg\" alt=\"\" class=\"wp-image-33\" srcset=\"https:\/\/mavigunesanaokulu.com\/wp-content\/uploads\/2024\/04\/IMG-20240329-WA0165-1024x768.jpg 1024w, https:\/\/mavigunesanaokulu.com\/wp-content\/uploads\/2024\/04\/IMG-20240329-WA0165-300x225.jpg 300w, https:\/\/mavigunesanaokulu.com\/wp-content\/uploads\/2024\/04\/IMG-20240329-WA0165-768x576.jpg 768w, https:\/\/mavigunesanaokulu.com\/wp-content\/uploads\/2024\/04\/IMG-20240329-WA0165-1536x1152.jpg 1536w, https:\/\/mavigunesanaokulu.com\/wp-content\/uploads\/2024\/04\/IMG-20240329-WA0165.jpg 1600w\" sizes=\"auto, (max-width: 1024px) 100vw, 1024px\" \/><\/figure>\n\n\n\n<figure class=\"wp-block-image size-large\"><img loading=\"lazy\" decoding=\"async\" width=\"1024\" height=\"768\" data-id=\"32\" src=\"https:\/\/mavigunesanaokulu.com\/wp-content\/uploads\/2024\/04\/IMG-20240328-WA0219-1024x768.jpg\" alt=\"\" class=\"wp-image-32\" srcset=\"https:\/\/mavigunesanaokulu.com\/wp-content\/uploads\/2024\/04\/IMG-20240328-WA0219-1024x768.jpg 1024w, https:\/\/mavigunesanaokulu.com\/wp-content\/uploads\/2024\/04\/IMG-20240328-WA0219-300x225.jpg 300w, https:\/\/mavigunesanaokulu.com\/wp-content\/uploads\/2024\/04\/IMG-20240328-WA0219-768x576.jpg 768w, https:\/\/mavigunesanaokulu.com\/wp-content\/uploads\/2024\/04\/IMG-20240328-WA0219-1536x1152.jpg 1536w, https:\/\/mavigunesanaokulu.com\/wp-content\/uploads\/2024\/04\/IMG-20240328-WA0219.jpg 2048w\" sizes=\"auto, (max-width: 1024px) 100vw, 1024px\" \/><\/figure>\n\n\n\n<figure class=\"wp-block-image size-large\"><img loading=\"lazy\" decoding=\"async\" width=\"1024\" height=\"766\" data-id=\"34\" src=\"https:\/\/mavigunesanaokulu.com\/wp-content\/uploads\/2024\/04\/IMG-20240328-WA0196-1024x766.jpg\" alt=\"\" class=\"wp-image-34\" srcset=\"https:\/\/mavigunesanaokulu.com\/wp-content\/uploads\/2024\/04\/IMG-20240328-WA0196-1024x766.jpg 1024w, https:\/\/mavigunesanaokulu.com\/wp-content\/uploads\/2024\/04\/IMG-20240328-WA0196-300x225.jpg 300w, https:\/\/mavigunesanaokulu.com\/wp-content\/uploads\/2024\/04\/IMG-20240328-WA0196-768x575.jpg 768w, https:\/\/mavigunesanaokulu.com\/wp-content\/uploads\/2024\/04\/IMG-20240328-WA0196-1536x1150.jpg 1536w, https:\/\/mavigunesanaokulu.com\/wp-content\/uploads\/2024\/04\/IMG-20240328-WA0196-2048x1533.jpg 2048w\" sizes=\"auto, (max-width: 1024px) 100vw, 1024px\" \/><\/figure>\n<\/figure>\n\n\n\n<p><\/p>\n","protected":false},"excerpt":{"rendered":"<p>K\u0131ymetli velilerimiz; 23 Haziran 2025- 22 A\u011fustos 2025 tarihleri aras\u0131nda ( 9 Haftal\u0131k) yaz okulu planl\u0131yoruz. \u00d6n kay\u0131t i\u00e7in bizimle ileti\u015fime ge\u00e7ebilirsiniz. 3- 9 ya\u015f [&hellip;]<\/p>\n","protected":false},"author":1,"featured_media":60,"parent":0,"menu_order":0,"comment_status":"closed","ping_status":"open","template":"","meta":{"footnotes":""},"class_list":["post-466","page","type-page","status-publish","has-post-thumbnail","hentry"],"_links":{"self":[{"href":"https:\/\/mavigunesanaokulu.com\/index.php\/wp-json\/wp\/v2\/pages\/466","targetHints":{"allow":["GET"]}}],"collection":[{"href":"https:\/\/mavigunesanaokulu.com\/index.php\/wp-json\/wp\/v2\/pages"}],"about":[{"href":"https:\/\/mavigunesanaokulu.com\/index.php\/wp-json\/wp\/v2\/types\/page"}],"author":[{"embeddable":true,"href":"https:\/\/mavigunesanaokulu.com\/index.php\/wp-json\/wp\/v2\/users\/1"}],"replies":[{"embeddable":true,"href":"https:\/\/mavigunesanaokulu.com\/index.php\/wp-json\/wp\/v2\/comments?post=466"}],"version-history":[{"count":6,"href":"https:\/\/mavigunesanaokulu.com\/index.php\/wp-json\/wp\/v2\/pages\/466\/revisions"}],"predecessor-version":[{"id":794,"href":"https:\/\/mavigunesanaokulu.com\/index.php\/wp-json\/wp\/v2\/pages\/466\/revisions\/794"}],"wp:featuredmedia":[{"embeddable":true,"href":"https:\/\/mavigunesanaokulu.com\/index.php\/wp-json\/wp\/v2\/media\/60"}],"wp:attachment":[{"href":"https:\/\/mavigunesanaokulu.com\/index.php\/wp-json\/wp\/v2\/media?parent=466"}],"curies":[{"name":"wp","href":"https:\/\/api.w.org\/{rel}","templated":true}]}}